{"id":82,"date":"2024-07-11T09:02:36","date_gmt":"2024-07-11T09:02:36","guid":{"rendered":"https:\/\/bierhocker.de\/staging\/index.php\/home\/"},"modified":"2024-11-25T22:23:14","modified_gmt":"2024-11-25T22:23:14","slug":"home","status":"publish","type":"page","link":"https:\/\/bierhocker.de\/","title":{"rendered":"Bierhocker &#8211; Geschenkideen"},"content":{"rendered":"\t\t<div data-elementor-type=\"wp-page\" data-elementor-id=\"82\" class=\"elementor elementor-82\" data-elementor-post-type=\"page\">\n\t\t\t\t<div class=\"elementor-element elementor-element-68084794 e-con-full e-flex e-con e-parent\" data-id=\"68084794\" data-element_type=\"container\" data-settings=\"{&quot;background_background&quot;:&quot;classic&quot;}\">\n\t\t<div class=\"elementor-element elementor-element-c4b07b4 e-flex e-con-boxed e-con e-child\" data-id=\"c4b07b4\" data-element_type=\"container\">\n\t\t\t\t\t<div class=\"e-con-inner\">\n\t\t<div class=\"elementor-element elementor-element-551c8334 e-con-full e-flex e-con e-child\" data-id=\"551c8334\" data-element_type=\"container\">\n\t\t\t\t<div class=\"elementor-element elementor-element-256e6d40 elementor-invisible elementor-widget elementor-widget-heading\" data-id=\"256e6d40\" data-element_type=\"widget\" data-settings=\"{&quot;_animation&quot;:&quot;fadeIn&quot;}\" data-widget_type=\"heading.default\">\n\t\t\t\t<div class=\"elementor-widget-container\">\n\t\t\t\t\t<h1 class=\"elementor-heading-title elementor-size-default\">Der Bierhocker: Das einzigartige Geschenk f\u00fcr jeden Anlass<\/h1>\t\t\t\t<\/div>\n\t\t\t\t<\/div>\n\t\t\t\t<\/div>\n\t\t<div class=\"elementor-element elementor-element-16ed3747 animated-fast e-con-full e-flex elementor-invisible e-con e-child\" data-id=\"16ed3747\" data-element_type=\"container\" data-settings=\"{&quot;background_background&quot;:&quot;classic&quot;,&quot;animation&quot;:&quot;slideInUp&quot;,&quot;animation_delay&quot;:600}\">\n\t\t<div class=\"elementor-element elementor-element-6cd2d8d5 e-con-full e-flex e-con e-child\" data-id=\"6cd2d8d5\" data-element_type=\"container\">\n\t\t\t\t<div class=\"elementor-element elementor-element-7ef1c8aa elementor-widget elementor-widget-text-editor\" data-id=\"7ef1c8aa\" data-element_type=\"widget\" data-settings=\"{&quot;_animation&quot;:&quot;none&quot;}\" data-widget_type=\"text-editor.default\">\n\t\t\t\t<div class=\"elementor-widget-container\">\n\t\t\t\t\t\t\t\t\t<p>Ob Geburtstag, bestandene Pr\u00fcfung oder einfach nur so \u2013 der Bierhocker ist das ideale Geschenk f\u00fcr M\u00e4nner und Frauen.\u00a0 Finden Sie den perfekten Bierhocker als Geschenk f\u00fcr Ihre Feierlichkeit in Cottbus.<\/p>\t\t\t\t\t\t\t\t<\/div>\n\t\t\t\t<\/div>\n\t\t\t\t<\/div>\n\t\t<div class=\"elementor-element elementor-element-6ff74996 e-flex e-con-boxed e-con e-child\" data-id=\"6ff74996\" data-element_type=\"container\">\n\t\t\t\t\t<div class=\"e-con-inner\">\n\t\t\t\t<div class=\"elementor-element elementor-element-25505f56 elementor-align-justify elementor-widget__width-initial elementor-widget elementor-widget-button\" data-id=\"25505f56\" data-element_type=\"widget\" data-widget_type=\"button.default\">\n\t\t\t\t<div class=\"elementor-widget-container\">\n\t\t\t\t\t\t\t\t\t<div class=\"elementor-button-wrapper\">\n\t\t\t\t\t<a class=\"elementor-button elementor-button-link elementor-size-sm\" href=\"https:\/\/bierhocker.de\/index.php\/contact\/\">\n\t\t\t\t\t\t<span class=\"elementor-button-content-wrapper\">\n\t\t\t\t\t\t\t\t\t<span class=\"elementor-button-text\">Kontakt<\/span>\n\t\t\t\t\t<\/span>\n\t\t\t\t\t<\/a>\n\t\t\t\t<\/div>\n\t\t\t\t\t\t\t\t<\/div>\n\t\t\t\t<\/div>\n\t\t\t\t\t<\/div>\n\t\t\t\t<\/div>\n\t\t\t\t<\/div>\n\t\t\t\t\t<\/div>\n\t\t\t\t<\/div>\n\t\t\t\t<div class=\"elementor-element elementor-element-2e600ee9 elementor-widget__width-initial elementor-absolute elementor-widget-mobile__width-inherit elementor-invisible elementor-widget elementor-widget-image\" data-id=\"2e600ee9\" data-element_type=\"widget\" data-settings=\"{&quot;_position&quot;:&quot;absolute&quot;,&quot;_animation&quot;:&quot;slideInRight&quot;}\" data-widget_type=\"image.default\">\n\t\t\t\t<div class=\"elementor-widget-container\">\n\t\t\t\t\t\t\t\t\t\t\t\t\t\t\t<img fetchpriority=\"high\" decoding=\"async\" width=\"768\" height=\"1024\" src=\"https:\/\/bierhocker.de\/wp-content\/uploads\/2024\/09\/WhatsApp-Bild-2024-09-19-um-10.28.05_e2aa1ec9.jpg\" class=\"attachment-large size-large wp-image-256\" alt=\"\" srcset=\"https:\/\/bierhocker.de\/wp-content\/uploads\/2024\/09\/WhatsApp-Bild-2024-09-19-um-10.28.05_e2aa1ec9.jpg 768w, https:\/\/bierhocker.de\/wp-content\/uploads\/2024\/09\/WhatsApp-Bild-2024-09-19-um-10.28.05_e2aa1ec9-225x300.jpg 225w\" sizes=\"(max-width: 768px) 100vw, 768px\" \/>\t\t\t\t\t\t\t\t\t\t\t\t\t\t\t<\/div>\n\t\t\t\t<\/div>\n\t\t\t\t<\/div>\n\t\t<div class=\"elementor-element elementor-element-29b1b034 e-flex e-con-boxed e-con e-parent\" data-id=\"29b1b034\" data-element_type=\"container\" data-settings=\"{&quot;background_background&quot;:&quot;classic&quot;}\">\n\t\t\t\t\t<div class=\"e-con-inner\">\n\t\t<div class=\"elementor-element elementor-element-823b844 e-con-full e-flex e-con e-child\" data-id=\"823b844\" data-element_type=\"container\" data-settings=\"{&quot;background_background&quot;:&quot;classic&quot;}\">\n\t\t\t\t<div class=\"elementor-element elementor-element-e0637dc elementor-absolute elementor-widget elementor-widget-text-editor\" data-id=\"e0637dc\" data-element_type=\"widget\" data-settings=\"{&quot;_position&quot;:&quot;absolute&quot;}\" data-widget_type=\"text-editor.default\">\n\t\t\t\t<div class=\"elementor-widget-container\">\n\t\t\t\t\t\t\t\t\t<h4 style=\"text-align: right;\">40 Euro inkl. Mwst.<\/h4><h4 style=\"text-align: right;\">Bier Fu\u00dfbank<\/h4>\t\t\t\t\t\t\t\t<\/div>\n\t\t\t\t<\/div>\n\t\t\t\t<\/div>\n\t\t<div class=\"elementor-element elementor-element-6b19d233 e-con-full e-flex e-con e-child\" data-id=\"6b19d233\" data-element_type=\"container\" data-settings=\"{&quot;motion_fx_motion_fx_scrolling&quot;:&quot;yes&quot;,&quot;motion_fx_translateY_effect&quot;:&quot;yes&quot;,&quot;motion_fx_translateY_direction&quot;:&quot;negative&quot;,&quot;motion_fx_translateY_speed&quot;:{&quot;unit&quot;:&quot;px&quot;,&quot;size&quot;:1,&quot;sizes&quot;:[]},&quot;motion_fx_translateY_affectedRange&quot;:{&quot;unit&quot;:&quot;%&quot;,&quot;size&quot;:&quot;&quot;,&quot;sizes&quot;:{&quot;start&quot;:0,&quot;end&quot;:100}},&quot;motion_fx_devices&quot;:[&quot;desktop&quot;,&quot;tablet&quot;,&quot;mobile&quot;]}\">\n\t\t\t\t<div class=\"elementor-element elementor-element-691e601d elementor-invisible elementor-widget elementor-widget-heading\" data-id=\"691e601d\" data-element_type=\"widget\" data-settings=\"{&quot;_animation&quot;:&quot;fadeIn&quot;}\" data-widget_type=\"heading.default\">\n\t\t\t\t<div class=\"elementor-widget-container\">\n\t\t\t\t\t<h2 class=\"elementor-heading-title elementor-size-default\">Was ist ein Bierhocker?<\/h2>\t\t\t\t<\/div>\n\t\t\t\t<\/div>\n\t\t\t\t<div class=\"elementor-element elementor-element-3399b456 elementor-invisible elementor-widget elementor-widget-text-editor\" data-id=\"3399b456\" data-element_type=\"widget\" data-settings=\"{&quot;_animation&quot;:&quot;fadeIn&quot;,&quot;_animation_delay&quot;:200}\" data-widget_type=\"text-editor.default\">\n\t\t\t\t<div class=\"elementor-widget-container\">\n\t\t\t\t\t\t\t\t\t<p>Der Bierhocker ist mehr als nur ein Hocker \u2013 er ist ein Erlebnis! Gef\u00fcllt mit leckerem Bier und einer vielfalt von Geschmackssorten, ist er ein echter Hingucker in jeder Wohnung, Werkstatt oder Feierlichkeit. Drehen Sie ihn um, und schon haben Sie eine erfrischende \u00dcberraschung f\u00fcr Ihre G\u00e4ste!<\/p>\t\t\t\t\t\t\t\t<\/div>\n\t\t\t\t<\/div>\n\t\t\t\t<div class=\"elementor-element elementor-element-115ae969 elementor-align-justify elementor-widget__width-initial elementor-invisible elementor-widget elementor-widget-button\" data-id=\"115ae969\" data-element_type=\"widget\" data-settings=\"{&quot;_animation&quot;:&quot;fadeIn&quot;,&quot;_animation_delay&quot;:450}\" data-widget_type=\"button.default\">\n\t\t\t\t<div class=\"elementor-widget-container\">\n\t\t\t\t\t\t\t\t\t<div class=\"elementor-button-wrapper\">\n\t\t\t\t\t<a class=\"elementor-button elementor-button-link elementor-size-sm\" href=\"https:\/\/bierhocker.de\/index.php\/contact\/\">\n\t\t\t\t\t\t<span class=\"elementor-button-content-wrapper\">\n\t\t\t\t\t\t\t\t\t<span class=\"elementor-button-text\">erfahren Sie mehr und besuchen Sie uns<\/span>\n\t\t\t\t\t<\/span>\n\t\t\t\t\t<\/a>\n\t\t\t\t<\/div>\n\t\t\t\t\t\t\t\t<\/div>\n\t\t\t\t<\/div>\n\t\t\t\t<\/div>\n\t\t\t\t\t<\/div>\n\t\t\t\t<\/div>\n\t\t<div class=\"elementor-element elementor-element-194f4719 e-flex e-con-boxed e-con e-parent\" data-id=\"194f4719\" data-element_type=\"container\" data-settings=\"{&quot;background_background&quot;:&quot;classic&quot;}\">\n\t\t\t\t\t<div class=\"e-con-inner\">\n\t\t<div class=\"elementor-element elementor-element-24542641 e-con-full e-flex e-con e-child\" data-id=\"24542641\" data-element_type=\"container\">\n\t\t\t\t<div class=\"elementor-element elementor-element-e0a365c elementor-widget__width-initial elementor-invisible elementor-widget elementor-widget-heading\" data-id=\"e0a365c\" data-element_type=\"widget\" data-settings=\"{&quot;_animation&quot;:&quot;fadeIn&quot;}\" data-widget_type=\"heading.default\">\n\t\t\t\t<div class=\"elementor-widget-container\">\n\t\t\t\t\t<h2 class=\"elementor-heading-title elementor-size-default\">Unsere Bierhocker sind das richtige Geschenk f\u00fcr jede Gelegenheit<\/h2>\t\t\t\t<\/div>\n\t\t\t\t<\/div>\n\t\t\t\t<div class=\"elementor-element elementor-element-3c894bf7 elementor-align-justify elementor-widget__width-initial elementor-invisible elementor-widget elementor-widget-button\" data-id=\"3c894bf7\" data-element_type=\"widget\" data-settings=\"{&quot;_animation&quot;:&quot;fadeIn&quot;,&quot;_animation_delay&quot;:450}\" data-widget_type=\"button.default\">\n\t\t\t\t<div class=\"elementor-widget-container\">\n\t\t\t\t\t\t\t\t\t<div class=\"elementor-button-wrapper\">\n\t\t\t\t\t<a class=\"elementor-button elementor-button-link elementor-size-sm\" href=\"https:\/\/bierhocker.de\/index.php\/contact\/\">\n\t\t\t\t\t\t<span class=\"elementor-button-content-wrapper\">\n\t\t\t\t\t\t\t\t\t<span class=\"elementor-button-text\">Bierhocker vor Ort kaufen<\/span>\n\t\t\t\t\t<\/span>\n\t\t\t\t\t<\/a>\n\t\t\t\t<\/div>\n\t\t\t\t\t\t\t\t<\/div>\n\t\t\t\t<\/div>\n\t\t\t\t<\/div>\n\t\t<div class=\"elementor-element elementor-element-1348c907 e-con-full e-flex e-con e-child\" data-id=\"1348c907\" data-element_type=\"container\">\n\t\t\t\t<div class=\"elementor-element elementor-element-1a462484 elementor-invisible elementor-widget elementor-widget-image\" data-id=\"1a462484\" data-element_type=\"widget\" data-settings=\"{&quot;_animation&quot;:&quot;slideInDown&quot;,&quot;_animation_tablet&quot;:&quot;slideInLeft&quot;}\" data-widget_type=\"image.default\">\n\t\t\t\t<div class=\"elementor-widget-container\">\n\t\t\t\t\t\t\t\t\t\t\t\t\t\t\t<img decoding=\"async\" width=\"800\" height=\"600\" src=\"https:\/\/bierhocker.de\/wp-content\/uploads\/2024\/09\/WhatsApp-Bild-2024-08-30-um-15.56.29_7f881e3a-1024x768.jpg\" class=\"attachment-large size-large wp-image-230\" alt=\"\" srcset=\"https:\/\/bierhocker.de\/wp-content\/uploads\/2024\/09\/WhatsApp-Bild-2024-08-30-um-15.56.29_7f881e3a-1024x768.jpg 1024w, https:\/\/bierhocker.de\/wp-content\/uploads\/2024\/09\/WhatsApp-Bild-2024-08-30-um-15.56.29_7f881e3a-300x225.jpg 300w, https:\/\/bierhocker.de\/wp-content\/uploads\/2024\/09\/WhatsApp-Bild-2024-08-30-um-15.56.29_7f881e3a-768x576.jpg 768w, https:\/\/bierhocker.de\/wp-content\/uploads\/2024\/09\/WhatsApp-Bild-2024-08-30-um-15.56.29_7f881e3a-1536x1153.jpg 1536w, https:\/\/bierhocker.de\/wp-content\/uploads\/2024\/09\/WhatsApp-Bild-2024-08-30-um-15.56.29_7f881e3a.jpg 1599w\" sizes=\"(max-width: 800px) 100vw, 800px\" \/>\t\t\t\t\t\t\t\t\t\t\t\t\t\t\t<\/div>\n\t\t\t\t<\/div>\n\t\t\t\t<\/div>\n\t\t<div class=\"elementor-element elementor-element-51f6471 e-con-full e-flex e-con e-child\" data-id=\"51f6471\" data-element_type=\"container\">\n\t\t\t\t<div class=\"elementor-element elementor-element-75f438b5 elementor-invisible elementor-widget elementor-widget-image\" data-id=\"75f438b5\" data-element_type=\"widget\" data-settings=\"{&quot;_animation_tablet&quot;:&quot;slideInRight&quot;,&quot;_animation&quot;:&quot;slideInDown&quot;,&quot;_animation_delay&quot;:300}\" data-widget_type=\"image.default\">\n\t\t\t\t<div class=\"elementor-widget-container\">\n\t\t\t\t\t\t\t\t\t\t\t\t\t\t\t<img decoding=\"async\" width=\"768\" height=\"1024\" src=\"https:\/\/bierhocker.de\/wp-content\/uploads\/2024\/09\/WhatsApp-Bild-2024-08-30-um-15.56.30_dce05f9a-768x1024.jpg\" class=\"attachment-large size-large wp-image-233\" alt=\"\" srcset=\"https:\/\/bierhocker.de\/wp-content\/uploads\/2024\/09\/WhatsApp-Bild-2024-08-30-um-15.56.30_dce05f9a-768x1024.jpg 768w, https:\/\/bierhocker.de\/wp-content\/uploads\/2024\/09\/WhatsApp-Bild-2024-08-30-um-15.56.30_dce05f9a-225x300.jpg 225w, https:\/\/bierhocker.de\/wp-content\/uploads\/2024\/09\/WhatsApp-Bild-2024-08-30-um-15.56.30_dce05f9a-1152x1536.jpg 1152w, https:\/\/bierhocker.de\/wp-content\/uploads\/2024\/09\/WhatsApp-Bild-2024-08-30-um-15.56.30_dce05f9a.jpg 1200w\" sizes=\"(max-width: 768px) 100vw, 768px\" \/>\t\t\t\t\t\t\t\t\t\t\t\t\t\t\t<\/div>\n\t\t\t\t<\/div>\n\t\t\t\t<div class=\"elementor-element elementor-element-3c1e5c8 elementor-absolute elementor-widget elementor-widget-text-editor\" data-id=\"3c1e5c8\" data-element_type=\"widget\" data-settings=\"{&quot;_position&quot;:&quot;absolute&quot;}\" data-widget_type=\"text-editor.default\">\n\t\t\t\t<div class=\"elementor-widget-container\">\n\t\t\t\t\t\t\t\t\t<h4 style=\"text-align: right;\">25,00 Euro inkl. Mwst.<\/h4><h4 style=\"text-align: right;\">M\u00e4nnerhandtasche<\/h4>\t\t\t\t\t\t\t\t<\/div>\n\t\t\t\t<\/div>\n\t\t\t\t<\/div>\n\t\t\t\t\t<\/div>\n\t\t\t\t<\/div>\n\t\t<div class=\"elementor-element elementor-element-7875e008 e-flex e-con-boxed e-con e-parent\" data-id=\"7875e008\" data-element_type=\"container\" data-settings=\"{&quot;background_background&quot;:&quot;classic&quot;}\">\n\t\t\t\t\t<div class=\"e-con-inner\">\n\t\t<div class=\"elementor-element elementor-element-27218281 e-con-full e-flex e-con e-child\" data-id=\"27218281\" data-element_type=\"container\" data-settings=\"{&quot;background_background&quot;:&quot;classic&quot;}\">\n\t\t<div class=\"elementor-element elementor-element-2f1dbb16 e-con-full e-flex e-con e-child\" data-id=\"2f1dbb16\" data-element_type=\"container\">\n\t\t<div class=\"elementor-element elementor-element-71b626aa e-con-full e-flex e-con e-child\" data-id=\"71b626aa\" data-element_type=\"container\">\n\t\t\t\t<div class=\"elementor-element elementor-element-b3c3188 elementor-widget elementor-widget-text-editor\" data-id=\"b3c3188\" data-element_type=\"widget\" data-widget_type=\"text-editor.default\">\n\t\t\t\t<div class=\"elementor-widget-container\">\n\t\t\t\t\t\t\t\t\t<ul><li data-sourcepos=\"24:1-24:82\"><strong>Krabat:<\/strong> Die sorbische Sage vom Zauberlehrling und seiner Liebe zur Kantorka.<\/li><\/ul>\t\t\t\t\t\t\t\t<\/div>\n\t\t\t\t<\/div>\n\t\t\t\t<\/div>\n\t\t\t\t<\/div>\n\t\t<div class=\"elementor-element elementor-element-4b9f27e6 e-con-full e-flex e-con e-child\" data-id=\"4b9f27e6\" data-element_type=\"container\">\n\t\t<div class=\"elementor-element elementor-element-6b9ca945 e-con-full e-flex e-con e-child\" data-id=\"6b9ca945\" data-element_type=\"container\">\n\t\t\t\t<div class=\"elementor-element elementor-element-742ea784 elementor-widget elementor-widget-text-editor\" data-id=\"742ea784\" data-element_type=\"widget\" data-widget_type=\"text-editor.default\">\n\t\t\t\t<div class=\"elementor-widget-container\">\n\t\t\t\t\t\t\t\t\t<ul><li data-sourcepos=\"25:1-25:85\"><strong>Die Lausitz:<\/strong> Eine Hommage an die einzigartige Landschaft und ihre Biervielfalt.<\/li><\/ul>\t\t\t\t\t\t\t\t<\/div>\n\t\t\t\t<\/div>\n\t\t\t\t<\/div>\n\t\t\t\t<\/div>\n\t\t<div class=\"elementor-element elementor-element-40067e82 e-con-full e-flex e-con e-child\" data-id=\"40067e82\" data-element_type=\"container\">\n\t\t<div class=\"elementor-element elementor-element-50d967be e-con-full e-flex e-con e-child\" data-id=\"50d967be\" data-element_type=\"container\">\n\t\t\t\t<div class=\"elementor-element elementor-element-518a63de elementor-widget elementor-widget-text-editor\" data-id=\"518a63de\" data-element_type=\"widget\" data-widget_type=\"text-editor.default\">\n\t\t\t\t<div class=\"elementor-widget-container\">\n\t\t\t\t\t\t\t\t\t<ul><li><strong>Und viele mehr:<\/strong> Entdecken Sie unsere gesamte Themenwelt!<\/li><\/ul>\t\t\t\t\t\t\t\t<\/div>\n\t\t\t\t<\/div>\n\t\t\t\t<\/div>\n\t\t\t\t<\/div>\n\t\t\t\t<\/div>\n\t\t<div class=\"elementor-element elementor-element-1dc978d6 e-con-full e-flex e-con e-child\" data-id=\"1dc978d6\" data-element_type=\"container\">\n\t\t\t\t<div class=\"elementor-element elementor-element-85d3dfc elementor-widget elementor-widget-heading\" data-id=\"85d3dfc\" data-element_type=\"widget\" data-widget_type=\"heading.default\">\n\t\t\t\t<div class=\"elementor-widget-container\">\n\t\t\t\t\t<h2 class=\"elementor-heading-title elementor-size-default\">Biergeschenke f\u00fcr jeden Geschmack<\/h2>\t\t\t\t<\/div>\n\t\t\t\t<\/div>\n\t\t\t\t<div class=\"elementor-element elementor-element-18eab7b elementor-widget elementor-widget-text-editor\" data-id=\"18eab7b\" data-element_type=\"widget\" data-widget_type=\"text-editor.default\">\n\t\t\t\t<div class=\"elementor-widget-container\">\n\t\t\t\t\t\t\t\t\t<p data-sourcepos=\"32:1-32:65\">Neben dem Bierhocker bieten wir Ihnen weitere tolle Biergeschenke:<\/p><ul data-sourcepos=\"34:1-37:0\"><li data-sourcepos=\"34:1-34:58\"><strong>Bierfu\u00dfbank:<\/strong> F\u00fcr alle, die es gerne gem\u00fctlich haben.<\/li><li data-sourcepos=\"35:1-35:73\"><strong>Branitzer Pyramide:<\/strong> Ein St\u00fcck Lausitzer Geschichte zum Verschenken.<\/li><li data-sourcepos=\"36:1-37:0\"><strong>Biere aus aller Welt:<\/strong> Von klassisch bis exotisch.<\/li><\/ul>\t\t\t\t\t\t\t\t<\/div>\n\t\t\t\t<\/div>\n\t\t\t\t<\/div>\n\t\t\t\t\t<\/div>\n\t\t\t\t<\/div>\n\t\t<div class=\"elementor-element elementor-element-139660a2 e-con-full e-flex e-con e-parent\" data-id=\"139660a2\" data-element_type=\"container\" data-settings=\"{&quot;background_background&quot;:&quot;classic&quot;}\">\n\t\t\t\t<div class=\"elementor-element elementor-element-3db688d3 elementor-invisible elementor-widget elementor-widget-heading\" data-id=\"3db688d3\" data-element_type=\"widget\" data-settings=\"{&quot;_animation&quot;:&quot;fadeIn&quot;}\" data-widget_type=\"heading.default\">\n\t\t\t\t<div class=\"elementor-widget-container\">\n\t\t\t\t\t<h2 class=\"elementor-heading-title elementor-size-default\">Besuchen Sie unseren Laden in Cottbus!<\/h2>\t\t\t\t<\/div>\n\t\t\t\t<\/div>\n\t\t\t\t<div class=\"elementor-element elementor-element-1e59d3c elementor-widget elementor-widget-google_maps\" data-id=\"1e59d3c\" data-element_type=\"widget\" data-widget_type=\"google_maps.default\">\n\t\t\t\t<div class=\"elementor-widget-container\">\n\t\t\t\t\t\t\t<div class=\"elementor-custom-embed\">\n\t\t\t<iframe loading=\"lazy\"\n\t\t\t\t\tsrc=\"https:\/\/maps.google.com\/maps?q=Bierhocker%20-%20Branitzer%20Bierspezialit%C3%A4ten&#038;t=m&#038;z=13&#038;output=embed&#038;iwloc=near\"\n\t\t\t\t\ttitle=\"Bierhocker - Branitzer Bierspezialit\u00e4ten\"\n\t\t\t\t\taria-label=\"Bierhocker - Branitzer Bierspezialit\u00e4ten\"\n\t\t\t><\/iframe>\n\t\t<\/div>\n\t\t\t\t\t\t<\/div>\n\t\t\t\t<\/div>\n\t\t\t\t<\/div>\n\t\t<div class=\"elementor-element elementor-element-7efbf4cf e-con-full e-flex e-con e-parent\" data-id=\"7efbf4cf\" data-element_type=\"container\" data-settings=\"{&quot;background_background&quot;:&quot;classic&quot;}\">\n\t\t<div class=\"elementor-element elementor-element-3a844a13 e-con-full e-flex e-con e-child\" data-id=\"3a844a13\" data-element_type=\"container\">\n\t\t\t\t<div class=\"elementor-element elementor-element-4ee409f1 elementor-invisible elementor-widget elementor-widget-heading\" data-id=\"4ee409f1\" data-element_type=\"widget\" data-settings=\"{&quot;_animation&quot;:&quot;fadeIn&quot;}\" data-widget_type=\"heading.default\">\n\t\t\t\t<div class=\"elementor-widget-container\">\n\t\t\t\t\t<h2 class=\"elementor-heading-title elementor-size-default\">Vor Ort Ladenbereich: Ein kleiner Einblick<\/h2>\t\t\t\t<\/div>\n\t\t\t\t<\/div>\n\t\t\t\t<div class=\"elementor-element elementor-element-5031bbd9 elementor-invisible elementor-widget elementor-widget-text-editor\" data-id=\"5031bbd9\" data-element_type=\"widget\" data-settings=\"{&quot;_animation&quot;:&quot;fadeIn&quot;,&quot;_animation_delay&quot;:300}\" data-widget_type=\"text-editor.default\">\n\t\t\t\t<div class=\"elementor-widget-container\">\n\t\t\t\t\t\t\t\t\t<p>Machen Sie sich einen ersten Eindruck von unserem Laden und entdecken Sie unsere vielf\u00e4ltigen Produkte.<\/p>\t\t\t\t\t\t\t\t<\/div>\n\t\t\t\t<\/div>\n\t\t\t\t<\/div>\n\t\t<div class=\"elementor-element elementor-element-49e7e7f9 e-con-full e-flex e-con e-child\" data-id=\"49e7e7f9\" data-element_type=\"container\" data-settings=\"{&quot;background_background&quot;:&quot;classic&quot;}\">\n\t\t\t\t<\/div>\n\t\t\t\t<\/div>\n\t\t\t\t<\/div>\n\t\t","protected":false},"excerpt":{"rendered":"<p>Der Bierhocker: Das einzigartige Geschenk f\u00fcr jeden Anlass Ob Geburtstag, bestandene Pr\u00fcfung oder einfach nur so \u2013 der Bierhocker ist das ideale Geschenk f\u00fcr M\u00e4nner und Frauen.\u00a0 Finden Sie den perfekten Bierhocker als Geschenk f\u00fcr Ihre Feierlichkeit in Cottbus. Kontakt 40 Euro inkl. Mwst. Bier Fu\u00dfbank Was ist ein Bierhocker? Der Bierhocker ist mehr als [&hellip;]<\/p>\n","protected":false},"author":1,"featured_media":144,"parent":0,"menu_order":0,"comment_status":"closed","ping_status":"closed","template":"elementor_header_footer","meta":{"footnotes":""},"class_list":["post-82","page","type-page","status-publish","has-post-thumbnail","hentry"],"_links":{"self":[{"href":"https:\/\/bierhocker.de\/index.php\/wp-json\/wp\/v2\/pages\/82","targetHints":{"allow":["GET"]}}],"collection":[{"href":"https:\/\/bierhocker.de\/index.php\/wp-json\/wp\/v2\/pages"}],"about":[{"href":"https:\/\/bierhocker.de\/index.php\/wp-json\/wp\/v2\/types\/page"}],"author":[{"embeddable":true,"href":"https:\/\/bierhocker.de\/index.php\/wp-json\/wp\/v2\/users\/1"}],"replies":[{"embeddable":true,"href":"https:\/\/bierhocker.de\/index.php\/wp-json\/wp\/v2\/comments?post=82"}],"version-history":[{"count":101,"href":"https:\/\/bierhocker.de\/index.php\/wp-json\/wp\/v2\/pages\/82\/revisions"}],"predecessor-version":[{"id":324,"href":"https:\/\/bierhocker.de\/index.php\/wp-json\/wp\/v2\/pages\/82\/revisions\/324"}],"wp:featuredmedia":[{"embeddable":true,"href":"https:\/\/bierhocker.de\/index.php\/wp-json\/wp\/v2\/media\/144"}],"wp:attachment":[{"href":"https:\/\/bierhocker.de\/index.php\/wp-json\/wp\/v2\/media?parent=82"}],"curies":[{"name":"wp","href":"https:\/\/api.w.org\/{rel}","templated":true}]}}